{"id":250,"date":"2022-07-29T12:46:06","date_gmt":"2022-07-29T12:46:06","guid":{"rendered":"https:\/\/www.augenaerzte-zollikofen.ch\/augenarzt\/?page_id=250"},"modified":"2023-06-30T08:27:46","modified_gmt":"2023-06-30T08:27:46","slug":"praxis","status":"publish","type":"page","link":"https:\/\/www.augenaerzte-zollikofen.ch\/augenarzt\/praxis\/","title":{"rendered":"Praxis"},"content":{"rendered":"<div itemscope itemtype=\"http:\/\/schema.org\/Article\" class=\"header-small-block container1200 mb120 mt120\"><div class=\"container\" > <div class=\"content\" > <div class=\"header-small-block-wrap\" > <div class=\"header-small-block__content\" > <h1 itemprop=\"name\" class=\"header-small-block__name semiBold h3\" > <span class=\"header-small-block__title h3\" > <\/span><br>Praxis<\/h1 > <p class=\"header-small-block__subtitle mt16\" > <\/p > <\/div > <div class=\"header-small-block__image\" > <img loading=\"lazy\" decoding=\"async\" width=\"710\" height=\"413\" src=\"https:\/\/www.augenaerzte-zollikofen.ch\/augenarzt\/app\/uploads\/2022\/08\/ausstattung-aarau-zentrum-augenaerzte-02-1-1.jpg\" class=\"img__small__header\" alt=\"\" srcset=\"https:\/\/www.augenaerzte-zollikofen.ch\/augenarzt\/app\/uploads\/2022\/08\/ausstattung-aarau-zentrum-augenaerzte-02-1-1.jpg 710w, https:\/\/www.augenaerzte-zollikofen.ch\/augenarzt\/app\/uploads\/2022\/08\/ausstattung-aarau-zentrum-augenaerzte-02-1-1-300x175.jpg 300w\" sizes=\"auto, (max-width: 710px) 100vw, 710px\" \/><\/div > <\/div > <\/div > <\/div > <\/div > \n\n<div class=\"title-content-block container1364 mb120 mt120\"><div class=\"container\"><div class=\"content\"><div class=\"mt24 mb24 max830 preloaded__content fade\"><p>Ihr Termin bei uns in der Praxis beginnt am Empfang, wo unsere charmanten und bestens geschulten Praxisassistentinnen Sie empfangen. Nach Ihrer Anmeldung wird ein Voruntersuch an modernsten optischen Ger\u00e4ten durchgef\u00fchrt. Diese Arbeit, ausgef\u00fchrt von unserem technisch versierten MPA-Team, hilft Ihrem Arzt, Sie von der Diagnostik bis hin zur Therapie individuell untersuchen und behandeln zu k\u00f6nnen.<\/p>\n<\/div><div class=\"mt24 mb24 max830 preloaded__content fade\"><p>In der Praxis stehen hochpr\u00e4zise Diagnostikger\u00e4te im Einsatz, um die umf\u00e4ngliche Spektrumbreite in der Augenmedizin abzudecken. Wie Sie in der Bildstrecke unter anderem erkennen k\u00f6nnen, dienen diese Ger\u00e4te zum Untersuchen der sensiblen Netzhaut mittels OCT (Optische Koh\u00e4renz Tomographie) und der Betrachtung des vorderen und hinteren Augenabschnittes durch die Spaltlampe (Haag-Streit).<\/p>\n<\/div><div class=\"mt24 mb24 max830 preloaded__content fade\"><p>Das Wartezimmer bietet zum Verweilen Getr\u00e4nke (Kaffee, Tee und Wasser) und Magazine an, sowie Spielsachen f\u00fcr die Kinder.<\/p>\n<\/div><\/div><\/div><\/div>\n\n<div class=\"slider-block container1360 mb120 mt120 block-slider-style-num-902665613\"><div class=\"container\"><div class=\"content\"><div class=\"slider-block-wrap\"><div class=\"slider-block__card\"><h3>Impressionen<\/h3><\/div><div class=\"slider-block__slider\"><div class=\"slider-block__slider-image\"><img loading=\"lazy\" decoding=\"async\" width=\"1500\" height=\"1000\" src=\"https:\/\/www.augenaerzte-zollikofen.ch\/augenarzt\/app\/uploads\/2023\/06\/IMG_2532_Tanja-Roux-Photography.jpg\" class=\"slider__image\" alt=\"\" srcset=\"https:\/\/www.augenaerzte-zollikofen.ch\/augenarzt\/app\/uploads\/2023\/06\/IMG_2532_Tanja-Roux-Photography.jpg 1500w, https:\/\/www.augenaerzte-zollikofen.ch\/augenarzt\/app\/uploads\/2023\/06\/IMG_2532_Tanja-Roux-Photography-300x200.jpg 300w, https:\/\/www.augenaerzte-zollikofen.ch\/augenarzt\/app\/uploads\/2023\/06\/IMG_2532_Tanja-Roux-Photography-1024x683.jpg 1024w\" sizes=\"auto, (max-width: 1500px) 100vw, 1500px\" \/><img loading=\"lazy\" decoding=\"async\" width=\"1500\" height=\"1059\" src=\"https:\/\/www.augenaerzte-zollikofen.ch\/augenarzt\/app\/uploads\/2023\/06\/IMG_2727_Tanja-Roux-Photography.jpg\" class=\"slider__image\" alt=\"\" srcset=\"https:\/\/www.augenaerzte-zollikofen.ch\/augenarzt\/app\/uploads\/2023\/06\/IMG_2727_Tanja-Roux-Photography.jpg 1500w, https:\/\/www.augenaerzte-zollikofen.ch\/augenarzt\/app\/uploads\/2023\/06\/IMG_2727_Tanja-Roux-Photography-300x212.jpg 300w, https:\/\/www.augenaerzte-zollikofen.ch\/augenarzt\/app\/uploads\/2023\/06\/IMG_2727_Tanja-Roux-Photography-1024x723.jpg 1024w\" sizes=\"auto, (max-width: 1500px) 100vw, 1500px\" \/><img loading=\"lazy\" decoding=\"async\" width=\"1000\" height=\"500\" src=\"https:\/\/www.augenaerzte-zollikofen.ch\/augenarzt\/app\/uploads\/2022\/09\/augenaerzte-zollikofen-praxis-02.webp\" class=\"slider__image\" alt=\"\" srcset=\"https:\/\/www.augenaerzte-zollikofen.ch\/augenarzt\/app\/uploads\/2022\/09\/augenaerzte-zollikofen-praxis-02.webp 1000w, https:\/\/www.augenaerzte-zollikofen.ch\/augenarzt\/app\/uploads\/2022\/09\/augenaerzte-zollikofen-praxis-02-300x150.webp 300w\" sizes=\"auto, (max-width: 1000px) 100vw, 1000px\" \/><\/div><div class=\"slider-block__slider-title\"><p class=\"slider-block__slider-text semiBold mt24 mb24\"><span class=\"slider-block__slider-count\">1 von 4<\/span><\/p><p class=\"slider-block__slider-text semiBold mt24 mb24\"><span class=\"slider-block__slider-count\">2 von 4<\/span><\/p><p class=\"slider-block__slider-text semiBold mt24 mb24\"><span class=\"slider-block__slider-count\">3 von 4<\/span><\/p><p class=\"slider-block__slider-text semiBold mt24 mb24\"><span class=\"slider-block__slider-count\">4 von 4<\/span><\/p><\/div><\/div><\/div><\/div><\/div><\/div>","protected":false},"excerpt":{"rendered":"","protected":false},"author":14,"featured_media":0,"parent":0,"menu_order":0,"comment_status":"closed","ping_status":"closed","template":"","meta":{"_acf_changed":false,"footnotes":""},"class_list":["post-250","page","type-page","status-publish","hentry"],"acf":[],"yoast_head":"<!-- This site is optimized with the Yoast SEO plugin v26.2 - https:\/\/yoast.com\/wordpress\/plugins\/seo\/ -->\n<title>Praxis - Augenarzt Zollikofen<\/title>\n<meta name=\"robots\" content=\"index, follow, max-snippet:-1, max-image-preview:large, max-video-preview:-1\" \/>\n<link rel=\"canonical\" href=\"https:\/\/www.augenaerzte-zollikofen.ch\/augenarzt\/praxis\/\" \/>\n<meta property=\"og:locale\" content=\"de_DE\" \/>\n<meta property=\"og:type\" content=\"article\" \/>\n<meta property=\"og:title\" content=\"Praxis - Augenarzt Zollikofen\" \/>\n<meta property=\"og:url\" content=\"https:\/\/www.augenaerzte-zollikofen.ch\/augenarzt\/praxis\/\" \/>\n<meta property=\"og:site_name\" content=\"Augen\u00e4rzte Zollikofen\" \/>\n<meta property=\"article:modified_time\" content=\"2023-06-30T08:27:46+00:00\" \/>\n<meta name=\"twitter:card\" content=\"summary_large_image\" \/>\n<script type=\"application\/ld+json\" class=\"yoast-schema-graph\">{\"@context\":\"https:\/\/schema.org\",\"@graph\":[{\"@type\":\"WebPage\",\"@id\":\"https:\/\/www.augenaerzte-zollikofen.ch\/augenarzt\/praxis\/\",\"url\":\"https:\/\/www.augenaerzte-zollikofen.ch\/augenarzt\/praxis\/\",\"name\":\"Praxis - Augenarzt Zollikofen\",\"isPartOf\":{\"@id\":\"https:\/\/www.augenaerzte-zollikofen.ch\/augenarzt\/#website\"},\"datePublished\":\"2022-07-29T12:46:06+00:00\",\"dateModified\":\"2023-06-30T08:27:46+00:00\",\"breadcrumb\":{\"@id\":\"https:\/\/www.augenaerzte-zollikofen.ch\/augenarzt\/praxis\/#breadcrumb\"},\"inLanguage\":\"de-DE\",\"potentialAction\":[{\"@type\":\"ReadAction\",\"target\":[\"https:\/\/www.augenaerzte-zollikofen.ch\/augenarzt\/praxis\/\"]}]},{\"@type\":\"BreadcrumbList\",\"@id\":\"https:\/\/www.augenaerzte-zollikofen.ch\/augenarzt\/praxis\/#breadcrumb\",\"itemListElement\":[{\"@type\":\"ListItem\",\"position\":1,\"name\":\"Home\",\"item\":\"https:\/\/www.augenaerzte-zollikofen.ch\/augenarzt\/\"},{\"@type\":\"ListItem\",\"position\":2,\"name\":\"Praxis\"}]},{\"@type\":\"WebSite\",\"@id\":\"https:\/\/www.augenaerzte-zollikofen.ch\/augenarzt\/#website\",\"url\":\"https:\/\/www.augenaerzte-zollikofen.ch\/augenarzt\/\",\"name\":\"Augen\u00e4rzte Zollikofen\",\"description\":\"\",\"publisher\":{\"@id\":\"https:\/\/www.augenaerzte-zollikofen.ch\/augenarzt\/#organization\"},\"potentialAction\":[{\"@type\":\"SearchAction\",\"target\":{\"@type\":\"EntryPoint\",\"urlTemplate\":\"https:\/\/www.augenaerzte-zollikofen.ch\/augenarzt\/?s={search_term_string}\"},\"query-input\":{\"@type\":\"PropertyValueSpecification\",\"valueRequired\":true,\"valueName\":\"search_term_string\"}}],\"inLanguage\":\"de-DE\"},{\"@type\":\"Organization\",\"@id\":\"https:\/\/www.augenaerzte-zollikofen.ch\/augenarzt\/#organization\",\"name\":\"Augenarzt Zollikofen\",\"url\":\"https:\/\/www.augenaerzte-zollikofen.ch\/augenarzt\/\",\"logo\":{\"@type\":\"ImageObject\",\"inLanguage\":\"de-DE\",\"@id\":\"https:\/\/www.augenaerzte-zollikofen.ch\/augenarzt\/#\/schema\/logo\/image\/\",\"url\":\"https:\/\/www.augenaerzte-zollikofen.ch\/augenarzt\/app\/uploads\/2022\/08\/Zollikofen-Ziegelei-pos_RGB.svg\",\"contentUrl\":\"https:\/\/www.augenaerzte-zollikofen.ch\/augenarzt\/app\/uploads\/2022\/08\/Zollikofen-Ziegelei-pos_RGB.svg\",\"caption\":\"Augenarzt Zollikofen\"},\"image\":{\"@id\":\"https:\/\/www.augenaerzte-zollikofen.ch\/augenarzt\/#\/schema\/logo\/image\/\"}}]}<\/script>\n<!-- \/ Yoast SEO plugin. -->","yoast_head_json":{"title":"Praxis - Augenarzt Zollikofen","robots":{"index":"index","follow":"follow","max-snippet":"max-snippet:-1","max-image-preview":"max-image-preview:large","max-video-preview":"max-video-preview:-1"},"canonical":"https:\/\/www.augenaerzte-zollikofen.ch\/augenarzt\/praxis\/","og_locale":"de_DE","og_type":"article","og_title":"Praxis - Augenarzt Zollikofen","og_url":"https:\/\/www.augenaerzte-zollikofen.ch\/augenarzt\/praxis\/","og_site_name":"Augen\u00e4rzte Zollikofen","article_modified_time":"2023-06-30T08:27:46+00:00","twitter_card":"summary_large_image","schema":{"@context":"https:\/\/schema.org","@graph":[{"@type":"WebPage","@id":"https:\/\/www.augenaerzte-zollikofen.ch\/augenarzt\/praxis\/","url":"https:\/\/www.augenaerzte-zollikofen.ch\/augenarzt\/praxis\/","name":"Praxis - Augenarzt Zollikofen","isPartOf":{"@id":"https:\/\/www.augenaerzte-zollikofen.ch\/augenarzt\/#website"},"datePublished":"2022-07-29T12:46:06+00:00","dateModified":"2023-06-30T08:27:46+00:00","breadcrumb":{"@id":"https:\/\/www.augenaerzte-zollikofen.ch\/augenarzt\/praxis\/#breadcrumb"},"inLanguage":"de-DE","potentialAction":[{"@type":"ReadAction","target":["https:\/\/www.augenaerzte-zollikofen.ch\/augenarzt\/praxis\/"]}]},{"@type":"BreadcrumbList","@id":"https:\/\/www.augenaerzte-zollikofen.ch\/augenarzt\/praxis\/#breadcrumb","itemListElement":[{"@type":"ListItem","position":1,"name":"Home","item":"https:\/\/www.augenaerzte-zollikofen.ch\/augenarzt\/"},{"@type":"ListItem","position":2,"name":"Praxis"}]},{"@type":"WebSite","@id":"https:\/\/www.augenaerzte-zollikofen.ch\/augenarzt\/#website","url":"https:\/\/www.augenaerzte-zollikofen.ch\/augenarzt\/","name":"Augen\u00e4rzte Zollikofen","description":"","publisher":{"@id":"https:\/\/www.augenaerzte-zollikofen.ch\/augenarzt\/#organization"},"potentialAction":[{"@type":"SearchAction","target":{"@type":"EntryPoint","urlTemplate":"https:\/\/www.augenaerzte-zollikofen.ch\/augenarzt\/?s={search_term_string}"},"query-input":{"@type":"PropertyValueSpecification","valueRequired":true,"valueName":"search_term_string"}}],"inLanguage":"de-DE"},{"@type":"Organization","@id":"https:\/\/www.augenaerzte-zollikofen.ch\/augenarzt\/#organization","name":"Augenarzt Zollikofen","url":"https:\/\/www.augenaerzte-zollikofen.ch\/augenarzt\/","logo":{"@type":"ImageObject","inLanguage":"de-DE","@id":"https:\/\/www.augenaerzte-zollikofen.ch\/augenarzt\/#\/schema\/logo\/image\/","url":"https:\/\/www.augenaerzte-zollikofen.ch\/augenarzt\/app\/uploads\/2022\/08\/Zollikofen-Ziegelei-pos_RGB.svg","contentUrl":"https:\/\/www.augenaerzte-zollikofen.ch\/augenarzt\/app\/uploads\/2022\/08\/Zollikofen-Ziegelei-pos_RGB.svg","caption":"Augenarzt Zollikofen"},"image":{"@id":"https:\/\/www.augenaerzte-zollikofen.ch\/augenarzt\/#\/schema\/logo\/image\/"}}]}},"_links":{"self":[{"href":"https:\/\/www.augenaerzte-zollikofen.ch\/augenarzt\/wp-json\/wp\/v2\/pages\/250","targetHints":{"allow":["GET"]}}],"collection":[{"href":"https:\/\/www.augenaerzte-zollikofen.ch\/augenarzt\/wp-json\/wp\/v2\/pages"}],"about":[{"href":"https:\/\/www.augenaerzte-zollikofen.ch\/augenarzt\/wp-json\/wp\/v2\/types\/page"}],"author":[{"embeddable":true,"href":"https:\/\/www.augenaerzte-zollikofen.ch\/augenarzt\/wp-json\/wp\/v2\/users\/14"}],"replies":[{"embeddable":true,"href":"https:\/\/www.augenaerzte-zollikofen.ch\/augenarzt\/wp-json\/wp\/v2\/comments?post=250"}],"version-history":[{"count":28,"href":"https:\/\/www.augenaerzte-zollikofen.ch\/augenarzt\/wp-json\/wp\/v2\/pages\/250\/revisions"}],"predecessor-version":[{"id":8835,"href":"https:\/\/www.augenaerzte-zollikofen.ch\/augenarzt\/wp-json\/wp\/v2\/pages\/250\/revisions\/8835"}],"wp:attachment":[{"href":"https:\/\/www.augenaerzte-zollikofen.ch\/augenarzt\/wp-json\/wp\/v2\/media?parent=250"}],"curies":[{"name":"wp","href":"https:\/\/api.w.org\/{rel}","templated":true}]}}