{"id":8288,"date":"2022-09-08T15:40:10","date_gmt":"2022-09-08T15:40:10","guid":{"rendered":"https:\/\/www.augenaerzte-zollikofen.ch\/augenarzt\/?page_id=8288"},"modified":"2023-01-16T16:40:43","modified_gmt":"2023-01-16T16:40:43","slug":"augenmedizin","status":"publish","type":"page","link":"https:\/\/www.augenaerzte-zollikofen.ch\/augenarzt\/augenmedizin\/","title":{"rendered":"Augenmedizin"},"content":{"rendered":"<div class=\"query-all-services-block container1364 mb120 mt120\"><div class=\"container\"><div class=\"content\"><div class=\"query-all-services-block-section-wrap mt120 augenmedizin\"><h3 class=\"query-all-services-block__title max830 mb24 semiBold\">Augenmedizin<\/h3><p class=\"query-all-services-block__text max830 mb48\">Wir bieten die ganze Bandbreite an augenmedizinischen Dienstleistungen an.<\/p><div class=\"query-all-services-block-wrap\" data-uuid=\"69e308d18e707\" data-load-more=\"\" data-count=\"9\"><div class=\"card-element\"><a class=\"wrapper-link\" href=\"https:\/\/www.augenaerzte-zollikofen.ch\/augenarzt\/untersuchungen-therapien\/crosslinking\/\"><div class=\"card-element-wrap\"><div class=\"card-element-wrap__image\"><img loading=\"lazy\" decoding=\"async\" width=\"675\" height=\"397\" src=\"https:\/\/www.augenaerzte-zollikofen.ch\/augenarzt\/app\/uploads\/2022\/08\/Messung_Sirius_Clearvision.jpg\" class=\"img__card-element wp-post-image\" alt=\"\" srcset=\"https:\/\/www.augenaerzte-zollikofen.ch\/augenarzt\/app\/uploads\/2022\/08\/Messung_Sirius_Clearvision.jpg 675w, https:\/\/www.augenaerzte-zollikofen.ch\/augenarzt\/app\/uploads\/2022\/08\/Messung_Sirius_Clearvision-300x176.jpg 300w\" sizes=\"auto, (max-width: 675px) 100vw, 675px\" \/><\/div><div class=\"card-element-wrap__content\"><div class=\"card-element-wrap__inner\"><p class=\"card-element-wrap__content-title semiBold\">Crosslinking<\/p><p class=\"card-element-wrap__content-excerpt mt8\">Die Methode des Cross-Linking revolutioniert gerade das Behandlungskonzept der Augenerkrankung Keratokonus. Ein Keratokonus zeichnet sich durch eine krankhafte Ver\u00e4nderung des Hornhautgewebes aus, welchem bis anhin nur wenig bis gar nicht entgegengewirkt werden konnte. Dies soll sich nun \u00e4ndern: Das Cross-Linking er\u00f6ffnet v\u00f6llig neue Therapiem\u00f6glichkeiten.<\/p><span class=\"arrow__cta\"><svg class=\"svg-arrow\" width=\"32\" height=\"32\" viewBox=\"0 0 32 33\" fill=\"none\" xmlns=\"http:\/\/www.w3.org\/2000\/svg\"><path class=\"svg-arrow-path\" d=\"M16.667 12.2832L21.3337 16.9499L16.667 21.6165M10.667 16.9499H21.3337H10.667Z\" stroke=\"white\" stroke-width=\"2\" stroke-linecap=\"round\" stroke-linejoin=\"round\"\/><circle cx=\"16\" cy=\"16.9497\" r=\"15.5\" stroke=\"white\"\/><\/svg><\/span><\/div><\/div><\/div><\/a><\/div><div class=\"card-element\"><a class=\"wrapper-link\" href=\"https:\/\/www.augenaerzte-zollikofen.ch\/augenarzt\/untersuchungen-therapien\/orthoptik\/\"><div class=\"card-element-wrap\"><div class=\"card-element-wrap__image\"><img loading=\"lazy\" decoding=\"async\" width=\"672\" height=\"396\" src=\"https:\/\/www.augenaerzte-zollikofen.ch\/augenarzt\/app\/uploads\/2022\/08\/Nahaufnahme_Orthoptik_Kinder.jpg\" class=\"img__card-element wp-post-image\" alt=\"\" srcset=\"https:\/\/www.augenaerzte-zollikofen.ch\/augenarzt\/app\/uploads\/2022\/08\/Nahaufnahme_Orthoptik_Kinder.jpg 672w, https:\/\/www.augenaerzte-zollikofen.ch\/augenarzt\/app\/uploads\/2022\/08\/Nahaufnahme_Orthoptik_Kinder-300x177.jpg 300w\" sizes=\"auto, (max-width: 672px) 100vw, 672px\" \/><\/div><div class=\"card-element-wrap__content\"><div class=\"card-element-wrap__inner\"><p class=\"card-element-wrap__content-title semiBold\">Orthoptik<\/p><p class=\"card-element-wrap__content-excerpt mt8\">Als Orthoptik bezeichnet man jenen Fachbereich der Augenheilkunde, welcher sich mit der Behandlung von Schielerkrankungen besch\u00e4ftigt. Der Begriff Orthoptik stammt aus dem Griechischen und bedeutet so viel wie \u201erichtiges Sehen\u201c. Zu den Schielerkrankungen z\u00e4hlen verschiedene Krankheitsbilder, darunter das \u201eklassische\u201c Schielen (Strabismus), das Sehen von Doppelbilder (Prismen) und das Augenzittern (Nystagmus).<\/p><span class=\"arrow__cta\"><svg class=\"svg-arrow\" width=\"32\" height=\"32\" viewBox=\"0 0 32 33\" fill=\"none\" xmlns=\"http:\/\/www.w3.org\/2000\/svg\"><path class=\"svg-arrow-path\" d=\"M16.667 12.2832L21.3337 16.9499L16.667 21.6165M10.667 16.9499H21.3337H10.667Z\" stroke=\"white\" stroke-width=\"2\" stroke-linecap=\"round\" stroke-linejoin=\"round\"\/><circle cx=\"16\" cy=\"16.9497\" r=\"15.5\" stroke=\"white\"\/><\/svg><\/span><\/div><\/div><\/div><\/a><\/div><div class=\"card-element\"><a class=\"wrapper-link\" href=\"https:\/\/www.augenaerzte-zollikofen.ch\/augenarzt\/untersuchungen-therapien\/makuladegeneration\/\"><div class=\"card-element-wrap\"><div class=\"card-element-wrap__image\"><img loading=\"lazy\" decoding=\"async\" width=\"640\" height=\"377\" src=\"https:\/\/www.augenaerzte-zollikofen.ch\/augenarzt\/app\/uploads\/2022\/08\/gru\u0308ner-star-glaukom-augenaerzte-aarau-1.jpg\" class=\"img__card-element wp-post-image\" alt=\"\" srcset=\"https:\/\/www.augenaerzte-zollikofen.ch\/augenarzt\/app\/uploads\/2022\/08\/gru\u0308ner-star-glaukom-augenaerzte-aarau-1.jpg 640w, https:\/\/www.augenaerzte-zollikofen.ch\/augenarzt\/app\/uploads\/2022\/08\/gru\u0308ner-star-glaukom-augenaerzte-aarau-1-300x177.jpg 300w\" sizes=\"auto, (max-width: 640px) 100vw, 640px\" \/><\/div><div class=\"card-element-wrap__content\"><div class=\"card-element-wrap__inner\"><p class=\"card-element-wrap__content-title semiBold\">Altersbedingte Makuladegeneration (AMD)<\/p><p class=\"card-element-wrap__content-excerpt mt8\">Unter dem Begriff der Makuladegeneration werden verschiedene Netzhauterkrankungen zusammengefasst, welche die Macula lutea betreffen. Die Macula lutea, auch Gelber Fleck genannt, liegt im Zentrum der Netzhaut (Retina), wo sich der sch\u00e4rfste Bereich des Sehens befindet. Wenn diese Zellen in der Retina nicht mehr funktionieren, nimmt die Sehsch\u00e4rfe ab. Im schlimmsten Fall kann dies zu einem kompletten Sehverlust f\u00fchren.<\/p><span class=\"arrow__cta\"><svg class=\"svg-arrow\" width=\"32\" height=\"32\" viewBox=\"0 0 32 33\" fill=\"none\" xmlns=\"http:\/\/www.w3.org\/2000\/svg\"><path class=\"svg-arrow-path\" d=\"M16.667 12.2832L21.3337 16.9499L16.667 21.6165M10.667 16.9499H21.3337H10.667Z\" stroke=\"white\" stroke-width=\"2\" stroke-linecap=\"round\" stroke-linejoin=\"round\"\/><circle cx=\"16\" cy=\"16.9497\" r=\"15.5\" stroke=\"white\"\/><\/svg><\/span><\/div><\/div><\/div><\/a><\/div><div class=\"card-element\"><a class=\"wrapper-link\" href=\"https:\/\/www.augenaerzte-zollikofen.ch\/augenarzt\/entzuendungen-der-netzhaut-und-netzhautgefaesse\/\"><div class=\"card-element-wrap\"><div class=\"card-element-wrap__image\"><img loading=\"lazy\" decoding=\"async\" width=\"640\" height=\"375\" src=\"https:\/\/www.augenaerzte-zollikofen.ch\/augenarzt\/app\/uploads\/2022\/08\/netzhauterkrankungen.jpeg\" class=\"img__card-element wp-post-image\" alt=\"\" srcset=\"https:\/\/www.augenaerzte-zollikofen.ch\/augenarzt\/app\/uploads\/2022\/08\/netzhauterkrankungen.jpeg 640w, https:\/\/www.augenaerzte-zollikofen.ch\/augenarzt\/app\/uploads\/2022\/08\/netzhauterkrankungen-300x176.jpeg 300w\" sizes=\"auto, (max-width: 640px) 100vw, 640px\" \/><\/div><div class=\"card-element-wrap__content\"><div class=\"card-element-wrap__inner\"><p class=\"card-element-wrap__content-title semiBold\">Netzhauterkrankungen<\/p><p class=\"card-element-wrap__content-excerpt mt8\">Die Netzhaut (Retina) ist eine d\u00fcnne Gewebeschicht, die im hinteren Teil des Auges als innerste Schicht die Augenh\u00f6hle auskleidet. Es handelt sich hierbei um eine ganz besondere Art von Gewebe, denn in der Retina befinden sich Sinneszellen, welche unsere Sehf\u00e4higkeit \u00fcberhaupt erst erm\u00f6glichen. <\/p><span class=\"arrow__cta\"><svg class=\"svg-arrow\" width=\"32\" height=\"32\" viewBox=\"0 0 32 33\" fill=\"none\" xmlns=\"http:\/\/www.w3.org\/2000\/svg\"><path class=\"svg-arrow-path\" d=\"M16.667 12.2832L21.3337 16.9499L16.667 21.6165M10.667 16.9499H21.3337H10.667Z\" stroke=\"white\" stroke-width=\"2\" stroke-linecap=\"round\" stroke-linejoin=\"round\"\/><circle cx=\"16\" cy=\"16.9497\" r=\"15.5\" stroke=\"white\"\/><\/svg><\/span><\/div><\/div><\/div><\/a><\/div><div class=\"card-element\"><a class=\"wrapper-link\" href=\"https:\/\/www.augenaerzte-zollikofen.ch\/augenarzt\/untersuchungen-therapien\/gruener-star-glaukom\/\"><div class=\"card-element-wrap\"><div class=\"card-element-wrap__image\"><img loading=\"lazy\" decoding=\"async\" width=\"730\" height=\"410\" src=\"https:\/\/www.augenaerzte-zollikofen.ch\/augenarzt\/app\/uploads\/2022\/08\/auge_beleuchtet.jpg\" class=\"img__card-element wp-post-image\" alt=\"\" srcset=\"https:\/\/www.augenaerzte-zollikofen.ch\/augenarzt\/app\/uploads\/2022\/08\/auge_beleuchtet.jpg 730w, https:\/\/www.augenaerzte-zollikofen.ch\/augenarzt\/app\/uploads\/2022\/08\/auge_beleuchtet-300x168.jpg 300w\" sizes=\"auto, (max-width: 730px) 100vw, 730px\" \/><\/div><div class=\"card-element-wrap__content\"><div class=\"card-element-wrap__inner\"><p class=\"card-element-wrap__content-title semiBold\">Gr\u00fcner Star (Glaukom)<\/p><p class=\"card-element-wrap__content-excerpt mt8\">Gr\u00fcner Star ist ein Sammelbegriff f\u00fcr mehrere Augenerkrankungen, welche den Sehnerv und die Netzhaut sch\u00e4digen.\r\nDie Krankheit betrifft meistens \u00e4ltere Personen, da das Risiko mit wachsendem Lebensalter steigt. Das angeborene (kongenitale) Glaukom ist sehr selten und betrifft ca. 1 von 20\u2019000 S\u00e4uglingen.<\/p><span class=\"arrow__cta\"><svg class=\"svg-arrow\" width=\"32\" height=\"32\" viewBox=\"0 0 32 33\" fill=\"none\" xmlns=\"http:\/\/www.w3.org\/2000\/svg\"><path class=\"svg-arrow-path\" d=\"M16.667 12.2832L21.3337 16.9499L16.667 21.6165M10.667 16.9499H21.3337H10.667Z\" stroke=\"white\" stroke-width=\"2\" stroke-linecap=\"round\" stroke-linejoin=\"round\"\/><circle cx=\"16\" cy=\"16.9497\" r=\"15.5\" stroke=\"white\"\/><\/svg><\/span><\/div><\/div><\/div><\/a><\/div><div class=\"card-element\"><a class=\"wrapper-link\" href=\"https:\/\/www.augenaerzte-zollikofen.ch\/augenarzt\/lidbehandlungen\/\"><div class=\"card-element-wrap\"><div class=\"card-element-wrap__image\"><img loading=\"lazy\" decoding=\"async\" width=\"730\" height=\"410\" src=\"https:\/\/www.augenaerzte-zollikofen.ch\/augenarzt\/app\/uploads\/2023\/07\/lidbehandlungen.jpeg\" class=\"img__card-element wp-post-image\" alt=\"\" srcset=\"https:\/\/www.augenaerzte-zollikofen.ch\/augenarzt\/app\/uploads\/2023\/07\/lidbehandlungen.jpeg 730w, https:\/\/www.augenaerzte-zollikofen.ch\/augenarzt\/app\/uploads\/2023\/07\/lidbehandlungen-300x168.jpeg 300w\" sizes=\"auto, (max-width: 730px) 100vw, 730px\" \/><\/div><div class=\"card-element-wrap__content\"><div class=\"card-element-wrap__inner\"><p class=\"card-element-wrap__content-title semiBold\">Lidbehandlungen<\/p><p class=\"card-element-wrap__content-excerpt mt8\">Ein frischeres Aussehen durch kleine operative Eingriffe.<\/p><span class=\"arrow__cta\"><svg class=\"svg-arrow\" width=\"32\" height=\"32\" viewBox=\"0 0 32 33\" fill=\"none\" xmlns=\"http:\/\/www.w3.org\/2000\/svg\"><path class=\"svg-arrow-path\" d=\"M16.667 12.2832L21.3337 16.9499L16.667 21.6165M10.667 16.9499H21.3337H10.667Z\" stroke=\"white\" stroke-width=\"2\" stroke-linecap=\"round\" stroke-linejoin=\"round\"\/><circle cx=\"16\" cy=\"16.9497\" r=\"15.5\" stroke=\"white\"\/><\/svg><\/span><\/div><\/div><\/div><\/a><\/div><div class=\"card-element\"><a class=\"wrapper-link\" href=\"https:\/\/www.augenaerzte-zollikofen.ch\/augenarzt\/kinderaugenarzt\/\"><div class=\"card-element-wrap\"><div class=\"card-element-wrap__image\"><img loading=\"lazy\" decoding=\"async\" width=\"674\" height=\"449\" src=\"https:\/\/www.augenaerzte-zollikofen.ch\/augenarzt\/app\/uploads\/2022\/08\/Kinder_Wartebereich.jpg\" class=\"img__card-element wp-post-image\" alt=\"\" srcset=\"https:\/\/www.augenaerzte-zollikofen.ch\/augenarzt\/app\/uploads\/2022\/08\/Kinder_Wartebereich.jpg 674w, https:\/\/www.augenaerzte-zollikofen.ch\/augenarzt\/app\/uploads\/2022\/08\/Kinder_Wartebereich-300x200.jpg 300w\" sizes=\"auto, (max-width: 674px) 100vw, 674px\" \/><\/div><div class=\"card-element-wrap__content\"><div class=\"card-element-wrap__inner\"><p class=\"card-element-wrap__content-title semiBold\">Kinderaugenheilkunde<\/p><p class=\"card-element-wrap__content-excerpt mt8\">Sehschw\u00e4chen bei Kindern k\u00f6nnen sich unter anderem durch Kopfschmerzen, tr\u00e4nende Augen oder auch Konzentrationsschw\u00e4chen zeigen. Kinderaugen sollten m\u00f6glichst fr\u00fch abgekl\u00e4rt werden, um allf\u00e4llige Folgesch\u00e4den einer Sehschw\u00e4che zu verhindern.<\/p><span class=\"arrow__cta\"><svg class=\"svg-arrow\" width=\"32\" height=\"32\" viewBox=\"0 0 32 33\" fill=\"none\" xmlns=\"http:\/\/www.w3.org\/2000\/svg\"><path class=\"svg-arrow-path\" d=\"M16.667 12.2832L21.3337 16.9499L16.667 21.6165M10.667 16.9499H21.3337H10.667Z\" stroke=\"white\" stroke-width=\"2\" stroke-linecap=\"round\" stroke-linejoin=\"round\"\/><circle cx=\"16\" cy=\"16.9497\" r=\"15.5\" stroke=\"white\"\/><\/svg><\/span><\/div><\/div><\/div><\/a><\/div><div class=\"card-element\"><a class=\"wrapper-link\" href=\"https:\/\/www.augenaerzte-zollikofen.ch\/augenarzt\/untersuchungen-therapien\/routinekontrollen\/\"><div class=\"card-element-wrap\"><div class=\"card-element-wrap__image\"><img loading=\"lazy\" decoding=\"async\" width=\"730\" height=\"410\" src=\"https:\/\/www.augenaerzte-zollikofen.ch\/augenarzt\/app\/uploads\/2022\/08\/junge_A\u0308rztin_Untersuchung.jpg\" class=\"img__card-element wp-post-image\" alt=\"\" srcset=\"https:\/\/www.augenaerzte-zollikofen.ch\/augenarzt\/app\/uploads\/2022\/08\/junge_A\u0308rztin_Untersuchung.jpg 730w, https:\/\/www.augenaerzte-zollikofen.ch\/augenarzt\/app\/uploads\/2022\/08\/junge_A\u0308rztin_Untersuchung-300x168.jpg 300w\" sizes=\"auto, (max-width: 730px) 100vw, 730px\" \/><\/div><div class=\"card-element-wrap__content\"><div class=\"card-element-wrap__inner\"><p class=\"card-element-wrap__content-title semiBold\">Routinekontrollen<\/p><p class=\"card-element-wrap__content-excerpt mt8\">Eine allgemeine Augenuntersuchung ist Bestandteil jeder eingehenden Augenuntersuchung und Vorsorgeuntersuchung. Dabei arbeiten unsere Augen\u00e4rzte\/\u00e4rztinnen mit einer ganzen Reihe erprobter und bew\u00e4hrter Untersuchungsmethoden, welche die verschiedenen Aspekte des Sehens abzudecken verm\u00f6gen.<\/p><span class=\"arrow__cta\"><svg class=\"svg-arrow\" width=\"32\" height=\"32\" viewBox=\"0 0 32 33\" fill=\"none\" xmlns=\"http:\/\/www.w3.org\/2000\/svg\"><path class=\"svg-arrow-path\" d=\"M16.667 12.2832L21.3337 16.9499L16.667 21.6165M10.667 16.9499H21.3337H10.667Z\" stroke=\"white\" stroke-width=\"2\" stroke-linecap=\"round\" stroke-linejoin=\"round\"\/><circle cx=\"16\" cy=\"16.9497\" r=\"15.5\" stroke=\"white\"\/><\/svg><\/span><\/div><\/div><\/div><\/a><\/div><div class=\"card-element\"><a class=\"wrapper-link\" href=\"https:\/\/www.augenaerzte-zollikofen.ch\/augenarzt\/untersuchungen-therapien\/augen-notfaelle\/\"><div class=\"card-element-wrap\"><div class=\"card-element-wrap__image\"><img loading=\"lazy\" decoding=\"async\" width=\"730\" height=\"410\" src=\"https:\/\/www.augenaerzte-zollikofen.ch\/augenarzt\/app\/uploads\/2022\/08\/junge_Frau_Kopfschmerzen.jpg\" class=\"img__card-element wp-post-image\" alt=\"\" srcset=\"https:\/\/www.augenaerzte-zollikofen.ch\/augenarzt\/app\/uploads\/2022\/08\/junge_Frau_Kopfschmerzen.jpg 730w, https:\/\/www.augenaerzte-zollikofen.ch\/augenarzt\/app\/uploads\/2022\/08\/junge_Frau_Kopfschmerzen-300x168.jpg 300w\" sizes=\"auto, (max-width: 730px) 100vw, 730px\" \/><\/div><div class=\"card-element-wrap__content\"><div class=\"card-element-wrap__inner\"><p class=\"card-element-wrap__content-title semiBold\">Augennotf\u00e4lle<\/p><p class=\"card-element-wrap__content-excerpt mt8\">Eine gute Sicht ist f\u00fcr viele Personen eine Selbstverst\u00e4ndlichkeit. Eine nicht korrigierbare Einschr\u00e4nkung und ein teilweiser oder sogar kompletter Verlust des Sehverm\u00f6gens bringt eine starke Reduktion der Lebensqualit\u00e4t und eine grosse Ver\u00e4nderung des Alltags mit sich.<\/p><span class=\"arrow__cta\"><svg class=\"svg-arrow\" width=\"32\" height=\"32\" viewBox=\"0 0 32 33\" fill=\"none\" xmlns=\"http:\/\/www.w3.org\/2000\/svg\"><path class=\"svg-arrow-path\" d=\"M16.667 12.2832L21.3337 16.9499L16.667 21.6165M10.667 16.9499H21.3337H10.667Z\" stroke=\"white\" stroke-width=\"2\" stroke-linecap=\"round\" stroke-linejoin=\"round\"\/><circle cx=\"16\" cy=\"16.9497\" r=\"15.5\" stroke=\"white\"\/><\/svg><\/span><\/div><\/div><\/div><\/a><\/div><\/div><\/div><\/div><\/div><\/div>","protected":false},"excerpt":{"rendered":"","protected":false},"author":5,"featured_media":0,"parent":0,"menu_order":0,"comment_status":"closed","ping_status":"closed","template":"","meta":{"_acf_changed":false,"footnotes":""},"class_list":["post-8288","page","type-page","status-publish","hentry"],"acf":[],"yoast_head":"<!-- This site is optimized with the Yoast SEO plugin v26.2 - https:\/\/yoast.com\/wordpress\/plugins\/seo\/ -->\n<title>Augenmedizin - Augenarzt Zollikofen<\/title>\n<meta name=\"robots\" content=\"index, follow, max-snippet:-1, max-image-preview:large, max-video-preview:-1\" \/>\n<link rel=\"canonical\" href=\"https:\/\/www.augenaerzte-zollikofen.ch\/augenarzt\/augenmedizin\/\" \/>\n<meta property=\"og:locale\" content=\"de_DE\" \/>\n<meta property=\"og:type\" content=\"article\" \/>\n<meta property=\"og:title\" content=\"Augenmedizin - Augenarzt Zollikofen\" \/>\n<meta property=\"og:url\" content=\"https:\/\/www.augenaerzte-zollikofen.ch\/augenarzt\/augenmedizin\/\" \/>\n<meta property=\"og:site_name\" content=\"Augen\u00e4rzte Zollikofen\" \/>\n<meta property=\"article:modified_time\" content=\"2023-01-16T16:40:43+00:00\" \/>\n<meta name=\"twitter:card\" content=\"summary_large_image\" \/>\n<script type=\"application\/ld+json\" class=\"yoast-schema-graph\">{\"@context\":\"https:\/\/schema.org\",\"@graph\":[{\"@type\":\"WebPage\",\"@id\":\"https:\/\/www.augenaerzte-zollikofen.ch\/augenarzt\/augenmedizin\/\",\"url\":\"https:\/\/www.augenaerzte-zollikofen.ch\/augenarzt\/augenmedizin\/\",\"name\":\"Augenmedizin - Augenarzt Zollikofen\",\"isPartOf\":{\"@id\":\"https:\/\/www.augenaerzte-zollikofen.ch\/augenarzt\/#website\"},\"datePublished\":\"2022-09-08T15:40:10+00:00\",\"dateModified\":\"2023-01-16T16:40:43+00:00\",\"breadcrumb\":{\"@id\":\"https:\/\/www.augenaerzte-zollikofen.ch\/augenarzt\/augenmedizin\/#breadcrumb\"},\"inLanguage\":\"de-DE\",\"potentialAction\":[{\"@type\":\"ReadAction\",\"target\":[\"https:\/\/www.augenaerzte-zollikofen.ch\/augenarzt\/augenmedizin\/\"]}]},{\"@type\":\"BreadcrumbList\",\"@id\":\"https:\/\/www.augenaerzte-zollikofen.ch\/augenarzt\/augenmedizin\/#breadcrumb\",\"itemListElement\":[{\"@type\":\"ListItem\",\"position\":1,\"name\":\"Home\",\"item\":\"https:\/\/www.augenaerzte-zollikofen.ch\/augenarzt\/\"},{\"@type\":\"ListItem\",\"position\":2,\"name\":\"Augenmedizin\"}]},{\"@type\":\"WebSite\",\"@id\":\"https:\/\/www.augenaerzte-zollikofen.ch\/augenarzt\/#website\",\"url\":\"https:\/\/www.augenaerzte-zollikofen.ch\/augenarzt\/\",\"name\":\"Augen\u00e4rzte Zollikofen\",\"description\":\"\",\"publisher\":{\"@id\":\"https:\/\/www.augenaerzte-zollikofen.ch\/augenarzt\/#organization\"},\"potentialAction\":[{\"@type\":\"SearchAction\",\"target\":{\"@type\":\"EntryPoint\",\"urlTemplate\":\"https:\/\/www.augenaerzte-zollikofen.ch\/augenarzt\/?s={search_term_string}\"},\"query-input\":{\"@type\":\"PropertyValueSpecification\",\"valueRequired\":true,\"valueName\":\"search_term_string\"}}],\"inLanguage\":\"de-DE\"},{\"@type\":\"Organization\",\"@id\":\"https:\/\/www.augenaerzte-zollikofen.ch\/augenarzt\/#organization\",\"name\":\"Augenarzt Zollikofen\",\"url\":\"https:\/\/www.augenaerzte-zollikofen.ch\/augenarzt\/\",\"logo\":{\"@type\":\"ImageObject\",\"inLanguage\":\"de-DE\",\"@id\":\"https:\/\/www.augenaerzte-zollikofen.ch\/augenarzt\/#\/schema\/logo\/image\/\",\"url\":\"https:\/\/www.augenaerzte-zollikofen.ch\/augenarzt\/app\/uploads\/2022\/08\/Zollikofen-Ziegelei-pos_RGB.svg\",\"contentUrl\":\"https:\/\/www.augenaerzte-zollikofen.ch\/augenarzt\/app\/uploads\/2022\/08\/Zollikofen-Ziegelei-pos_RGB.svg\",\"caption\":\"Augenarzt Zollikofen\"},\"image\":{\"@id\":\"https:\/\/www.augenaerzte-zollikofen.ch\/augenarzt\/#\/schema\/logo\/image\/\"}}]}<\/script>\n<!-- \/ Yoast SEO plugin. -->","yoast_head_json":{"title":"Augenmedizin - Augenarzt Zollikofen","robots":{"index":"index","follow":"follow","max-snippet":"max-snippet:-1","max-image-preview":"max-image-preview:large","max-video-preview":"max-video-preview:-1"},"canonical":"https:\/\/www.augenaerzte-zollikofen.ch\/augenarzt\/augenmedizin\/","og_locale":"de_DE","og_type":"article","og_title":"Augenmedizin - Augenarzt Zollikofen","og_url":"https:\/\/www.augenaerzte-zollikofen.ch\/augenarzt\/augenmedizin\/","og_site_name":"Augen\u00e4rzte Zollikofen","article_modified_time":"2023-01-16T16:40:43+00:00","twitter_card":"summary_large_image","schema":{"@context":"https:\/\/schema.org","@graph":[{"@type":"WebPage","@id":"https:\/\/www.augenaerzte-zollikofen.ch\/augenarzt\/augenmedizin\/","url":"https:\/\/www.augenaerzte-zollikofen.ch\/augenarzt\/augenmedizin\/","name":"Augenmedizin - Augenarzt Zollikofen","isPartOf":{"@id":"https:\/\/www.augenaerzte-zollikofen.ch\/augenarzt\/#website"},"datePublished":"2022-09-08T15:40:10+00:00","dateModified":"2023-01-16T16:40:43+00:00","breadcrumb":{"@id":"https:\/\/www.augenaerzte-zollikofen.ch\/augenarzt\/augenmedizin\/#breadcrumb"},"inLanguage":"de-DE","potentialAction":[{"@type":"ReadAction","target":["https:\/\/www.augenaerzte-zollikofen.ch\/augenarzt\/augenmedizin\/"]}]},{"@type":"BreadcrumbList","@id":"https:\/\/www.augenaerzte-zollikofen.ch\/augenarzt\/augenmedizin\/#breadcrumb","itemListElement":[{"@type":"ListItem","position":1,"name":"Home","item":"https:\/\/www.augenaerzte-zollikofen.ch\/augenarzt\/"},{"@type":"ListItem","position":2,"name":"Augenmedizin"}]},{"@type":"WebSite","@id":"https:\/\/www.augenaerzte-zollikofen.ch\/augenarzt\/#website","url":"https:\/\/www.augenaerzte-zollikofen.ch\/augenarzt\/","name":"Augen\u00e4rzte Zollikofen","description":"","publisher":{"@id":"https:\/\/www.augenaerzte-zollikofen.ch\/augenarzt\/#organization"},"potentialAction":[{"@type":"SearchAction","target":{"@type":"EntryPoint","urlTemplate":"https:\/\/www.augenaerzte-zollikofen.ch\/augenarzt\/?s={search_term_string}"},"query-input":{"@type":"PropertyValueSpecification","valueRequired":true,"valueName":"search_term_string"}}],"inLanguage":"de-DE"},{"@type":"Organization","@id":"https:\/\/www.augenaerzte-zollikofen.ch\/augenarzt\/#organization","name":"Augenarzt Zollikofen","url":"https:\/\/www.augenaerzte-zollikofen.ch\/augenarzt\/","logo":{"@type":"ImageObject","inLanguage":"de-DE","@id":"https:\/\/www.augenaerzte-zollikofen.ch\/augenarzt\/#\/schema\/logo\/image\/","url":"https:\/\/www.augenaerzte-zollikofen.ch\/augenarzt\/app\/uploads\/2022\/08\/Zollikofen-Ziegelei-pos_RGB.svg","contentUrl":"https:\/\/www.augenaerzte-zollikofen.ch\/augenarzt\/app\/uploads\/2022\/08\/Zollikofen-Ziegelei-pos_RGB.svg","caption":"Augenarzt Zollikofen"},"image":{"@id":"https:\/\/www.augenaerzte-zollikofen.ch\/augenarzt\/#\/schema\/logo\/image\/"}}]}},"_links":{"self":[{"href":"https:\/\/www.augenaerzte-zollikofen.ch\/augenarzt\/wp-json\/wp\/v2\/pages\/8288","targetHints":{"allow":["GET"]}}],"collection":[{"href":"https:\/\/www.augenaerzte-zollikofen.ch\/augenarzt\/wp-json\/wp\/v2\/pages"}],"about":[{"href":"https:\/\/www.augenaerzte-zollikofen.ch\/augenarzt\/wp-json\/wp\/v2\/types\/page"}],"author":[{"embeddable":true,"href":"https:\/\/www.augenaerzte-zollikofen.ch\/augenarzt\/wp-json\/wp\/v2\/users\/5"}],"replies":[{"embeddable":true,"href":"https:\/\/www.augenaerzte-zollikofen.ch\/augenarzt\/wp-json\/wp\/v2\/comments?post=8288"}],"version-history":[{"count":3,"href":"https:\/\/www.augenaerzte-zollikofen.ch\/augenarzt\/wp-json\/wp\/v2\/pages\/8288\/revisions"}],"predecessor-version":[{"id":8638,"href":"https:\/\/www.augenaerzte-zollikofen.ch\/augenarzt\/wp-json\/wp\/v2\/pages\/8288\/revisions\/8638"}],"wp:attachment":[{"href":"https:\/\/www.augenaerzte-zollikofen.ch\/augenarzt\/wp-json\/wp\/v2\/media?parent=8288"}],"curies":[{"name":"wp","href":"https:\/\/api.w.org\/{rel}","templated":true}]}}